{"id":6,"date":"2025-06-28T16:59:52","date_gmt":"2025-06-28T16:59:52","guid":{"rendered":"http:\/\/stelladelarte.fr\/?page_id=6"},"modified":"2025-06-29T22:24:50","modified_gmt":"2025-06-29T22:24:50","slug":"maintenance-page","status":"publish","type":"page","link":"https:\/\/stelladelarte.fr\/","title":{"rendered":"Page de Maintenance"},"content":{"rendered":"\n<h1 class=\"wp-block-heading has-text-align-center\"><strong>Stella D&#8217;el Arte<\/strong><\/h1>\n\n\n\n<p class=\"has-text-align-center\"><em>BP Visagiste Styliste<\/em><\/p>\n\n\n\n<div id=\"wp-block-themeisle-blocks-advanced-columns-0d617423\" class=\"wp-block-themeisle-blocks-advanced-columns alignfull has-1-columns has-desktop-equal-layout has-tablet-equal-layout has-mobile-equal-layout has-vertical-center has-light-bg\"><div class=\"wp-block-themeisle-blocks-advanced-columns-overlay\"><\/div><div class=\"innerblocks-wrap\">\n<div id=\"wp-block-themeisle-blocks-advanced-column-09847c7b\" class=\"wp-block-themeisle-blocks-advanced-column\">\n<p class=\"has-text-align-center\">Tu cherches une coiffeuse au top pour un vrai changement ou un coup de frais ?<\/p>\n\n\n\n<figure class=\"wp-block-image aligncenter size-large is-resized ticss-3f08ab9a is-style-default\"><img fetchpriority=\"high\" decoding=\"async\" width=\"1024\" height=\"585\" src=\"http:\/\/stelladelarte.fr\/wp-content\/uploads\/2025\/06\/stellaDelArte1-1024x585.jpeg\" alt=\"\" class=\"wp-image-13\" style=\"aspect-ratio:1.7777777777777777;object-fit:cover;width:757px;height:auto\" srcset=\"https:\/\/stelladelarte.fr\/wp-content\/uploads\/2025\/06\/stellaDelArte1-1024x585.jpeg 1024w, https:\/\/stelladelarte.fr\/wp-content\/uploads\/2025\/06\/stellaDelArte1-300x171.jpeg 300w, https:\/\/stelladelarte.fr\/wp-content\/uploads\/2025\/06\/stellaDelArte1-768x439.jpeg 768w, https:\/\/stelladelarte.fr\/wp-content\/uploads\/2025\/06\/stellaDelArte1-1536x878.jpeg 1536w, https:\/\/stelladelarte.fr\/wp-content\/uploads\/2025\/06\/stellaDelArte1.jpeg 1792w\" sizes=\"(max-width: 1024px) 100vw, 1024px\" \/><\/figure>\n\n\n\n<h3 id=\"wp-block-themeisle-blocks-advanced-heading-84bfa495\" class=\"wp-block-themeisle-blocks-advanced-heading wp-block-themeisle-blocks-advanced-heading-84bfa495\">Coiffeuse mixte \u00e0 domicile<\/h3>\n\n\n\n<p class=\"has-text-align-left\">Je suis dipl\u00f4m\u00e9e en stylisme visagisme \ud83c\udf93 et je te propose des prestations <strong>sur-mesure<\/strong> :<br>\ud83c\udf08 couleur personnalis\u00e9e, m\u00e8ches styl\u00e9es, coupe adapt\u00e9e \u00e0 ton visage et \u00e0 ton style!<\/p>\n\n\n\n<p>Je m\u2019occupe de tout pour te faire aimer ton reflet \u2728<\/p>\n\n\n\n<p>\ud83c\udf1e Mets du soleil dans ta coiffure et envoie moi un SMS avec :<br>\u2022 ton <strong>pr\u00e9nom<\/strong><br>\u2022 ton <strong>adresse<\/strong><br>\u2022 ton <strong>num\u00e9ro<\/strong><br>\u2022 et ce que tu veux comme <strong>prestation<\/strong>,<\/p>\n\n\n\n<p>\ud83d\udce9 et je te r\u00e9pondrais vite !<\/p>\n\n\n\n<p class=\"has-text-align-center\">\u00c0 tr\u00e8s bient\u00f4t pour un super moment coiffure \ud83d\udc87\u200d\u2640\ufe0f<\/p>\n\n\n\n<p><strong>T\u00e9l\u00e9phone: <a href=\"tel:0678430054\">06 78 43 00 54<\/a><\/strong><\/p>\n\n\n\n<p id=\"wp-block-themeisle-blocks-advanced-heading-4956a7c6\" class=\"wp-block-themeisle-blocks-advanced-heading wp-block-themeisle-blocks-advanced-heading-4956a7c6\">-Site web en construction-<\/p>\n\n\n\n<ul class=\"wp-block-social-links has-large-icon-size has-icon-color is-style-logos-only is-content-justification-center is-layout-flex wp-container-core-social-links-is-layout-a89b3969 wp-block-social-links-is-layout-flex\">\n\n\n\n<\/ul>\n<\/div>\n<\/div><\/div>\n\n\n\n<p><\/p>\n","protected":false},"excerpt":{"rendered":"<p>Stella D&#8217;el Arte BP Visagiste Styliste<\/p>\n","protected":false},"author":1,"featured_media":0,"parent":0,"menu_order":0,"comment_status":"closed","ping_status":"closed","template":"templates\/wpmm-page-template.php","meta":{"footnotes":""},"class_list":["post-6","page","type-page","status-publish","hentry"],"_links":{"self":[{"href":"https:\/\/stelladelarte.fr\/index.php?rest_route=\/wp\/v2\/pages\/6","targetHints":{"allow":["GET"]}}],"collection":[{"href":"https:\/\/stelladelarte.fr\/index.php?rest_route=\/wp\/v2\/pages"}],"about":[{"href":"https:\/\/stelladelarte.fr\/index.php?rest_route=\/wp\/v2\/types\/page"}],"author":[{"embeddable":true,"href":"https:\/\/stelladelarte.fr\/index.php?rest_route=\/wp\/v2\/users\/1"}],"replies":[{"embeddable":true,"href":"https:\/\/stelladelarte.fr\/index.php?rest_route=%2Fwp%2Fv2%2Fcomments&post=6"}],"version-history":[{"count":19,"href":"https:\/\/stelladelarte.fr\/index.php?rest_route=\/wp\/v2\/pages\/6\/revisions"}],"predecessor-version":[{"id":33,"href":"https:\/\/stelladelarte.fr\/index.php?rest_route=\/wp\/v2\/pages\/6\/revisions\/33"}],"wp:attachment":[{"href":"https:\/\/stelladelarte.fr\/index.php?rest_route=%2Fwp%2Fv2%2Fmedia&parent=6"}],"curies":[{"name":"wp","href":"https:\/\/api.w.org\/{rel}","templated":true}]}}